{"id":1104,"date":"2025-12-22T21:07:42","date_gmt":"2025-12-22T21:07:42","guid":{"rendered":"https:\/\/baytoona.com\/sss\/"},"modified":"2026-02-03T12:33:06","modified_gmt":"2026-02-03T12:33:06","slug":"sss","status":"publish","type":"page","link":"https:\/\/baytoona.com\/tr\/sss\/","title":{"rendered":"SSS"},"content":{"rendered":"            <div class=\"qae-faqs-container qae-faqs-toggle-container\">\n\t\t\t\t\t\t<div id=\"qaef-1120\" class=\"qe-faq-toggle \">\n\t\t\t<div class=\"qe-toggle-title\">\n\t\t\t\t<h4>\n\t\t\t\t\t<i class=\"fa fa-minus-circle\"><\/i> 1. Baytoona nedir?\t\t\t\t<\/h4>\n\t\t\t<\/div>\n\t\t\t<div class=\"qe-toggle-content\">\n\t\t\t\t\n<p>Baytoona, Irak&#8217;taki insanlar\u0131n kiral\u0131k veya sat\u0131l\u0131k ev, daire, arsa ve ticari m\u00fclk bulmalar\u0131na yard\u0131mc\u0131 olmak i\u00e7in tasarlanm\u0131\u015f bir online emlak arama portal\u0131d\u0131r. M\u00fclk arayanlar\u0131, kullan\u0131m\u0131 kolay tek bir platformda do\u011frulanm\u0131\u015f emlak ilanlar\u0131yla bulu\u015fturuyoruz. <\/p>\n\t\t\t<\/div>\n\t\t<\/div>\n\t\t\t\t<div id=\"qaef-1121\" class=\"qe-faq-toggle \">\n\t\t\t<div class=\"qe-toggle-title\">\n\t\t\t\t<h4>\n\t\t\t\t\t<i class=\"fa fa-minus-circle\"><\/i> 2. Baytoona Irak&#8217;\u0131n her yerinde mevcut mu?\t\t\t\t<\/h4>\n\t\t\t<\/div>\n\t\t\t<div class=\"qe-toggle-content\">\n\t\t\t\t\n<p>Evet. Baytoona, Irak genelindeki bir\u00e7ok \u015fehir ve b\u00f6lgeden m\u00fclkleri listeler. Mevcudiyet, m\u00fclk sahipleri, acenteler ve geli\u015ftiriciler taraf\u0131ndan sa\u011flanan ilanlar\u0131na ba\u011fl\u0131d\u0131r.  <\/p>\n\t\t\t<\/div>\n\t\t<\/div>\n\t\t\t\t<div id=\"qaef-1122\" class=\"qe-faq-toggle \">\n\t\t\t<div class=\"qe-toggle-title\">\n\t\t\t\t<h4>\n\t\t\t\t\t<i class=\"fa fa-minus-circle\"><\/i> 3. Baytoona&#8217;y\u0131 kullanmak \u00fccretsiz mi?\t\t\t\t<\/h4>\n\t\t\t<\/div>\n\t\t\t<div class=\"qe-toggle-content\">\n\t\t\t\t\n<p>Evet. Baytoona&#8217;da emlak arama tamamen \u00fccretsizdir. \u0130lanlar\u0131 inceleyebilir, detaylar\u0131 g\u00f6r\u00fcnt\u00fcleyebilir ve ilan verenlerle herhangi bir \u00fccret \u00f6demeden ileti\u015fime ge\u00e7ebilirsiniz.  <\/p>\n\t\t\t<\/div>\n\t\t<\/div>\n\t\t\t\t<div id=\"qaef-1123\" class=\"qe-faq-toggle \">\n\t\t\t<div class=\"qe-toggle-title\">\n\t\t\t\t<h4>\n\t\t\t\t\t<i class=\"fa fa-minus-circle\"><\/i> 4. Nas\u0131l m\u00fclk arayabilirim?\t\t\t\t<\/h4>\n\t\t\t<\/div>\n\t\t\t<div class=\"qe-toggle-content\">\n\t\t\t\t\n<p>Konum, m\u00fclk tipi, ama\u00e7 (kiral\u0131k veya sat\u0131l\u0131k), fiyat aral\u0131\u011f\u0131 ve di\u011fer filtrelerle arama yapabilirsiniz. Bu, ihtiya\u00e7lar\u0131n\u0131za uygun m\u00fclkleri h\u0131zl\u0131ca bulman\u0131za yard\u0131mc\u0131 olur. <\/p>\n\t\t\t<\/div>\n\t\t<\/div>\n\t\t\t\t<div id=\"qaef-1124\" class=\"qe-faq-toggle \">\n\t\t\t<div class=\"qe-toggle-title\">\n\t\t\t\t<h4>\n\t\t\t\t\t<i class=\"fa fa-minus-circle\"><\/i> 5. M\u00fclk sahipleri veya emlak\u00e7\u0131larla do\u011frudan ileti\u015fime ge\u00e7ebilir miyim?\t\t\t\t<\/h4>\n\t\t\t<\/div>\n\t\t\t<div class=\"qe-toggle-content\">\n\t\t\t\t\n<p>Evet. Baytoona, ilanda verilen ileti\u015fim bilgilerini kullanarak m\u00fclk sahibi veya emlak\u00e7\u0131yla do\u011frudan ileti\u015fime ge\u00e7menize olanak tan\u0131r. <\/p>\n\t\t\t<\/div>\n\t\t<\/div>\n\t\t\t\t<div id=\"qaef-1125\" class=\"qe-faq-toggle \">\n\t\t\t<div class=\"qe-toggle-title\">\n\t\t\t\t<h4>\n\t\t\t\t\t<i class=\"fa fa-minus-circle\"><\/i> 6. M\u00fclk\u00fcm\u00fc Baytoona&#8217;da nas\u0131l listeleyebilirim?\t\t\t\t<\/h4>\n\t\t\t<\/div>\n\t\t\t<div class=\"qe-toggle-content\">\n\t\t\t\t\n<p>Emlak acenteleri ve geli\u015ftiriciler hesap olu\u015fturarak web sitesi \u00fczerinden m\u00fclk ilanlar\u0131n\u0131 g\u00f6nderebilirler. \u0130nceleme ve onay s\u00fcrecinin ard\u0131ndan ilan platformda g\u00f6r\u00fcn\u00fcr hale gelir. <\/p>\n\t\t\t<\/div>\n\t\t<\/div>\n\t\t\t\t<div id=\"qaef-1126\" class=\"qe-faq-toggle \">\n\t\t\t<div class=\"qe-toggle-title\">\n\t\t\t\t<h4>\n\t\t\t\t\t<i class=\"fa fa-minus-circle\"><\/i> 7. Emlak ilanlar\u0131 do\u011frulan\u0131yor mu?\t\t\t\t<\/h4>\n\t\t\t<\/div>\n\t\t\t<div class=\"qe-toggle-content\">\n\t\t\t\t\n<p>Y\u00fcksek kaliteli ve g\u00fcvenilir ilanlar sunmay\u0131 hedefliyoruz. Baytoona ilanlar\u0131 yay\u0131nlamadan \u00f6nce incelese de, kullan\u0131c\u0131lar\u0131n herhangi bir finansal taahh\u00fctte bulunmadan \u00f6nce detaylar\u0131 ba\u011f\u0131ms\u0131z olarak do\u011frulamalar\u0131 \u00f6nerilir. <\/p>\n\t\t\t<\/div>\n\t\t<\/div>\n\t\t\t\t<div id=\"qaef-1127\" class=\"qe-faq-toggle \">\n\t\t\t<div class=\"qe-toggle-title\">\n\t\t\t\t<h4>\n\t\t\t\t\t<i class=\"fa fa-minus-circle\"><\/i> 8. Baytoona&#8217;da hangi t\u00fcr m\u00fclkler listelenmektedir?\t\t\t\t<\/h4>\n\t\t\t<\/div>\n\t\t\t<div class=\"qe-toggle-content\">\n\t\t\t\t\n<p>Baytoona&#8217;da a\u015fa\u011f\u0131dakiler dahil olmak \u00fczere geni\u015f bir m\u00fclk yelpazesi bulunmaktad\u0131r:<\/p>\n\n<ul class=\"wp-block-list\">\n<li>Daireler<\/li>\n\n\n\n<li>Evler ve villalar<\/li>\n\n\n\n<li>Arsa ve parseller<\/li>\n\n\n\n<li>Ofisler ve ticari m\u00fclkler<\/li>\n<\/ul>\n\t\t\t<\/div>\n\t\t<\/div>\n\t\t\t\t<div id=\"qaef-1128\" class=\"qe-faq-toggle \">\n\t\t\t<div class=\"qe-toggle-title\">\n\t\t\t\t<h4>\n\t\t\t\t\t<i class=\"fa fa-minus-circle\"><\/i> 9. \u0130lanlar\u0131 kaydedebilir veya favorilere ekleyebilir miyim?\t\t\t\t<\/h4>\n\t\t\t<\/div>\n\t\t\t<div class=\"qe-toggle-content\">\n\t\t\t\t\n<p>Evet. Kay\u0131tl\u0131 kullan\u0131c\u0131lar favori m\u00fclklerini kaydedebilir ve kolay kar\u015f\u0131la\u015ft\u0131rma i\u00e7in daha sonra geri d\u00f6nebilirler. <\/p>\n\t\t\t<\/div>\n\t\t<\/div>\n\t\t\t\t<div id=\"qaef-1129\" class=\"qe-faq-toggle \">\n\t\t\t<div class=\"qe-toggle-title\">\n\t\t\t\t<h4>\n\t\t\t\t\t<i class=\"fa fa-minus-circle\"><\/i> 10. Baytoona emlak dan\u0131\u015fmanl\u0131\u011f\u0131 veya arac\u0131l\u0131k hizmeti sunuyor mu?\t\t\t\t<\/h4>\n\t\t\t<\/div>\n\t\t\t<div class=\"qe-toggle-content\">\n\t\t\t\t\n<p>Hay\u0131r. Baytoona bir emlak listeleme platformudur ve emlak komisyoncusu veya acentesi olarak hareket etmez. T\u00fcm i\u015flemler ve anla\u015fmalar do\u011frudan al\u0131c\u0131lar, kirac\u0131lar ve ilan verenler aras\u0131nda ger\u00e7ekle\u015ftirilir.  <\/p>\n\t\t\t<\/div>\n\t\t<\/div>\n\t\t\t\t<div id=\"qaef-1130\" class=\"qe-faq-toggle \">\n\t\t\t<div class=\"qe-toggle-title\">\n\t\t\t\t<h4>\n\t\t\t\t\t<i class=\"fa fa-minus-circle\"><\/i> 11. \u0130lanlar ne s\u0131kl\u0131kla g\u00fcncellenir?\t\t\t\t<\/h4>\n\t\t\t<\/div>\n\t\t\t<div class=\"qe-toggle-content\">\n\t\t\t\t\n<p>\u0130lanlar d\u00fczenli olarak g\u00fcncellenir. Emlak ilanverenleri, m\u00fcsaitlik durumu de\u011fi\u015ftik\u00e7e ilanlar\u0131n\u0131 d\u00fczenleyebilir, yenileyebilir veya kald\u0131rabilir. <\/p>\n\t\t\t<\/div>\n\t\t<\/div>\n\t\t\t\t<div id=\"qaef-1131\" class=\"qe-faq-toggle \">\n\t\t\t<div class=\"qe-toggle-title\">\n\t\t\t\t<h4>\n\t\t\t\t\t<i class=\"fa fa-minus-circle\"><\/i> 12. Ki\u015fisel bilgilerim Baytoona&#8217;da g\u00fcvende mi?\t\t\t\t<\/h4>\n\t\t\t<\/div>\n\t\t\t<div class=\"qe-toggle-content\">\n\t\t\t\t\n<p>Evet. Veri g\u00fcvenli\u011fini ciddiye al\u0131yoruz ve kullan\u0131c\u0131 bilgilerini korumak i\u00e7in uygun \u00f6nlemler kullan\u0131yoruz. Daha fazla bilgi i\u00e7in l\u00fctfen Gizlilik Politikam\u0131za bak\u0131n\u0131z.  <\/p>\n\t\t\t<\/div>\n\t\t<\/div>\n\t\t\t\t<div id=\"qaef-1132\" class=\"qe-faq-toggle \">\n\t\t\t<div class=\"qe-toggle-title\">\n\t\t\t\t<h4>\n\t\t\t\t\t<i class=\"fa fa-minus-circle\"><\/i> 13. Yanl\u0131\u015f veya \u015f\u00fcpheli bir ilan\u0131 nas\u0131l bildirebilirim?\t\t\t\t<\/h4>\n\t\t\t<\/div>\n\t\t\t<div class=\"qe-toggle-content\">\n\t\t\t\t\n<p>Yanl\u0131\u015f veya \u015f\u00fcpheli g\u00f6r\u00fcnen bir ilan bulursan\u0131z, ilan\u0131n ba\u011flant\u0131s\u0131n\u0131 sa\u011flayarak <strong>Bize Ula\u015f\u0131n<\/strong> sayfas\u0131n\u0131 kullanarak bildirebilirsiniz.<\/p>\n\t\t\t<\/div>\n\t\t<\/div>\n\t\t\t\t<div id=\"qaef-1133\" class=\"qe-faq-toggle \">\n\t\t\t<div class=\"qe-toggle-title\">\n\t\t\t\t<h4>\n\t\t\t\t\t<i class=\"fa fa-minus-circle\"><\/i> 14. Baytoona&#8217;n\u0131n mobil uygulamas\u0131 var m\u0131?\t\t\t\t<\/h4>\n\t\t\t<\/div>\n\t\t\t<div class=\"qe-toggle-content\">\n\t\t\t\t\n<p>\u015eu anda Baytoona&#8217;ya masa\u00fcst\u00fc ve mobil cihazlardaki web taray\u0131c\u0131lar\u0131 \u00fczerinden eri\u015filebilmektedir. \u0130leride \u00e7\u0131kacak uygulamalar web sitemizden ve sosyal medya hesaplar\u0131m\u0131zdan duyurulacakt\u0131r, bu nedenle bizi takip etmeyi unutmay\u0131n\u0131z.  <\/p>\n\t\t\t<\/div>\n\t\t<\/div>\n\t\t\t\t<div id=\"qaef-1134\" class=\"qe-faq-toggle \">\n\t\t\t<div class=\"qe-toggle-title\">\n\t\t\t\t<h4>\n\t\t\t\t\t<i class=\"fa fa-minus-circle\"><\/i> 15. Baytoona destek ekibine nas\u0131l ula\u015fabilirim?\t\t\t\t<\/h4>\n\t\t\t<\/div>\n\t\t\t<div class=\"qe-toggle-content\">\n\t\t\t\t\n<p>Destek ekibimize web sitesindeki <strong>Bize Ula\u015f\u0131n<\/strong> sayfas\u0131 \u00fczerinden ula\u015fabilirsiniz. Her t\u00fcrl\u00fc soru ve sorununuzda size yard\u0131mc\u0131 olmaktan memnuniyet duyar\u0131z. <\/p>\n\t\t\t<\/div>\n\t\t<\/div>\n\t\t            <\/div>\n\t\t\n","protected":false},"excerpt":{"rendered":"","protected":false},"author":1,"featured_media":0,"parent":0,"menu_order":0,"comment_status":"closed","ping_status":"closed","template":"","meta":{"footnotes":""},"class_list":["post-1104","page","type-page","status-publish","hentry"],"post_mailing_queue_ids":[],"_links":{"self":[{"href":"https:\/\/baytoona.com\/tr\/wp-json\/wp\/v2\/pages\/1104","targetHints":{"allow":["GET"]}}],"collection":[{"href":"https:\/\/baytoona.com\/tr\/wp-json\/wp\/v2\/pages"}],"about":[{"href":"https:\/\/baytoona.com\/tr\/wp-json\/wp\/v2\/types\/page"}],"author":[{"embeddable":true,"href":"https:\/\/baytoona.com\/tr\/wp-json\/wp\/v2\/users\/1"}],"replies":[{"embeddable":true,"href":"https:\/\/baytoona.com\/tr\/wp-json\/wp\/v2\/comments?post=1104"}],"version-history":[{"count":1,"href":"https:\/\/baytoona.com\/tr\/wp-json\/wp\/v2\/pages\/1104\/revisions"}],"predecessor-version":[{"id":1106,"href":"https:\/\/baytoona.com\/tr\/wp-json\/wp\/v2\/pages\/1104\/revisions\/1106"}],"wp:attachment":[{"href":"https:\/\/baytoona.com\/tr\/wp-json\/wp\/v2\/media?parent=1104"}],"curies":[{"name":"wp","href":"https:\/\/api.w.org\/{rel}","templated":true}]}}