{"id":1095,"date":"2025-12-22T21:05:03","date_gmt":"2025-12-22T21:05:03","guid":{"rendered":"https:\/\/baytoona.com\/compare-properties\/"},"modified":"2026-02-03T12:31:03","modified_gmt":"2026-02-03T12:31:03","slug":"compare-properties","status":"publish","type":"page","link":"https:\/\/baytoona.com\/tr\/compare-properties\/","title":{"rendered":"Gayrimenkulleri Kar\u015f\u0131la\u015ft\u0131r"},"content":{"rendered":"","protected":false},"excerpt":{"rendered":"","protected":false},"author":1,"featured_media":0,"parent":0,"menu_order":0,"comment_status":"closed","ping_status":"closed","template":"templates\/compare-properties.php","meta":{"footnotes":""},"class_list":["post-1095","page","type-page","status-publish","hentry"],"post_mailing_queue_ids":[],"_links":{"self":[{"href":"https:\/\/baytoona.com\/tr\/wp-json\/wp\/v2\/pages\/1095","targetHints":{"allow":["GET"]}}],"collection":[{"href":"https:\/\/baytoona.com\/tr\/wp-json\/wp\/v2\/pages"}],"about":[{"href":"https:\/\/baytoona.com\/tr\/wp-json\/wp\/v2\/types\/page"}],"author":[{"embeddable":true,"href":"https:\/\/baytoona.com\/tr\/wp-json\/wp\/v2\/users\/1"}],"replies":[{"embeddable":true,"href":"https:\/\/baytoona.com\/tr\/wp-json\/wp\/v2\/comments?post=1095"}],"version-history":[{"count":2,"href":"https:\/\/baytoona.com\/tr\/wp-json\/wp\/v2\/pages\/1095\/revisions"}],"predecessor-version":[{"id":1098,"href":"https:\/\/baytoona.com\/tr\/wp-json\/wp\/v2\/pages\/1095\/revisions\/1098"}],"wp:attachment":[{"href":"https:\/\/baytoona.com\/tr\/wp-json\/wp\/v2\/media?parent=1095"}],"curies":[{"name":"wp","href":"https:\/\/api.w.org\/{rel}","templated":true}]}}