{"id":1081,"date":"2025-12-23T15:57:46","date_gmt":"2025-12-23T15:57:46","guid":{"rendered":"https:\/\/baytoona.com\/hizmetler\/"},"modified":"2026-02-03T11:51:04","modified_gmt":"2026-02-03T11:51:04","slug":"hizmetler","status":"publish","type":"page","link":"https:\/\/baytoona.com\/tr\/hizmetler\/","title":{"rendered":"Hizmetler"},"content":{"rendered":"\n<p>Baytoona, kullan\u0131c\u0131lar\u0131 g\u00fcvenilir ve deneyimli hizmet sa\u011flay\u0131c\u0131lar\u0131yla bulu\u015fturarak gayrimenkul piyasas\u0131n\u0131 desteklemeye kararl\u0131d\u0131r. Bu sayfa, gayrimenkul ve emlak sekt\u00f6r\u00fcne y\u00f6nelik hizmetler sunan profesyoneller ve \u015firketlere ayr\u0131lm\u0131\u015ft\u0131r. <\/p>\n\n<p><strong>Gayrimenkul piyasas\u0131yla ba\u011flant\u0131l\u0131 herhangi bir hizmet <\/strong>sunuyorsan\u0131z ve <strong>ad\u0131n\u0131z\u0131n, \u015firket bilgilerinizin ve ileti\u015fim bilgilerinizin<\/strong> Baytoona\u2019da yer almas\u0131n\u0131 istiyorsan\u0131z, bizimle ileti\u015fime ge\u00e7menizi davet ederiz.<\/p>\n\n<p>Gayrimenkul sekt\u00f6r\u00fcn\u00fcn t\u00fcm alanlar\u0131nda hizmet sunan sa\u011flay\u0131c\u0131lar\u0131 memnuniyetle kar\u015f\u0131l\u0131yoruz; bunlar aras\u0131nda \u015funlar yer al\u0131r ancak bunlarla s\u0131n\u0131rl\u0131 de\u011fildir:<\/p>\n\n<ul class=\"wp-block-list\">\n<li>Hukuki ve tapu i\u015flemleri hizmetleri<\/li>\n\n\n\n<li>Gayrimenkul hukuku ve dan\u0131\u015fmanl\u0131k<\/li>\n\n\n\n<li>Gayrimenkul y\u00f6netimi ve tesis y\u00f6netimi<\/li>\n\n\n\n<li>Bina bak\u0131m ve onar\u0131m hizmetleri<\/li>\n\n\n\n<li>\u0130n\u015faat ve taahh\u00fct hizmetleri<\/li>\n\n\n\n<li>Yenileme, tadilat ve fit-out hizmetleri<\/li>\n\n\n\n<li>\u0130\u00e7 mimari ve peyzaj<\/li>\n\n\n\n<li>De\u011ferleme, ekspertiz ve gayrimenkul incelemeleri<\/li>\n\n\n\n<li>M\u00fchendislik ve teknik hizmetler<\/li>\n\n\n\n<li>Temizlik, g\u00fcvenlik ve tesis destek hizmetleri<\/li>\n\n\n\n<li>Gayrimenkul dan\u0131\u015fmanl\u0131\u011f\u0131 ve dan\u0131\u015fmanl\u0131k hizmetleri<\/li>\n\n\n\n<li>Konut kredisi dan\u0131\u015fmanl\u0131\u011f\u0131 ve gayrimenkulle ilgili finansal hizmetler<\/li>\n\n\n\n<li>Gayrimenkul piyasas\u0131n\u0131 destekleyen di\u011fer profesyonel hizmetler<\/li>\n<\/ul>\n\n<p>Hizmetlerinizin listelenmesini istiyorsan\u0131z, l\u00fctfen web sayfas\u0131n\u0131n en alt k\u0131sm\u0131nda yer alan <strong>\u0130leti\u015fim sayfas\u0131 <\/strong>\u00fczerinden bize bir mesaj g\u00f6nderin. Hizmetlerinize dair k\u0131sa bir \u00f6zet, i\u015fletme ad\u0131n\u0131z ve tercih etti\u011finiz ileti\u015fim bilgilerini ekleyiniz. Ekibimiz ba\u015fvurunuzu inceleyecek ve en k\u0131sa s\u00fcrede size geri d\u00f6n\u00fc\u015f sa\u011flayacakt\u0131r.  <\/p>\n\n<p>Baytoona, gayrimenkul toplulu\u011fu i\u00e7in g\u00fcvenilir ve bilgilendirici bir platform olu\u015fturmay\u0131 hedeflemekte olup, bu vizyonu payla\u015fan profesyonellerle \u00e7al\u0131\u015fmay\u0131 sab\u0131rs\u0131zl\u0131kla beklemektedir.<\/p>\n","protected":false},"excerpt":{"rendered":"<p>Baytoona, kullan\u0131c\u0131lar\u0131 g\u00fcvenilir ve deneyimli hizmet sa\u011flay\u0131c\u0131lar\u0131yla bulu\u015fturarak gayrimenkul piyasas\u0131n\u0131 desteklemeye kararl\u0131d\u0131r. Bu sayfa, gayrimenkul ve emlak sekt\u00f6r\u00fcne y\u00f6nelik hizmetler sunan profesyoneller ve \u015firketlere ayr\u0131lm\u0131\u015ft\u0131r. Gayrimenkul piyasas\u0131yla ba\u011flant\u0131l\u0131 herhangi bir hizmet sunuyorsan\u0131z ve ad\u0131n\u0131z\u0131n, \u015firket bilgilerinizin ve ileti\u015fim bilgilerinizin Baytoona\u2019da yer almas\u0131n\u0131 istiyorsan\u0131z, bizimle ileti\u015fime ge\u00e7menizi davet ederiz. Gayrimenkul sekt\u00f6r\u00fcn\u00fcn t\u00fcm alanlar\u0131nda hizmet sunan sa\u011flay\u0131c\u0131lar\u0131&#8230;<\/p>\n","protected":false},"author":1,"featured_media":0,"parent":0,"menu_order":0,"comment_status":"closed","ping_status":"closed","template":"","meta":{"footnotes":""},"class_list":["post-1081","page","type-page","status-publish","hentry"],"post_mailing_queue_ids":[],"_links":{"self":[{"href":"https:\/\/baytoona.com\/tr\/wp-json\/wp\/v2\/pages\/1081","targetHints":{"allow":["GET"]}}],"collection":[{"href":"https:\/\/baytoona.com\/tr\/wp-json\/wp\/v2\/pages"}],"about":[{"href":"https:\/\/baytoona.com\/tr\/wp-json\/wp\/v2\/types\/page"}],"author":[{"embeddable":true,"href":"https:\/\/baytoona.com\/tr\/wp-json\/wp\/v2\/users\/1"}],"replies":[{"embeddable":true,"href":"https:\/\/baytoona.com\/tr\/wp-json\/wp\/v2\/comments?post=1081"}],"version-history":[{"count":1,"href":"https:\/\/baytoona.com\/tr\/wp-json\/wp\/v2\/pages\/1081\/revisions"}],"predecessor-version":[{"id":1083,"href":"https:\/\/baytoona.com\/tr\/wp-json\/wp\/v2\/pages\/1081\/revisions\/1083"}],"wp:attachment":[{"href":"https:\/\/baytoona.com\/tr\/wp-json\/wp\/v2\/media?parent=1081"}],"curies":[{"name":"wp","href":"https:\/\/api.w.org\/{rel}","templated":true}]}}