{"id":1078,"date":"2025-12-23T00:22:29","date_gmt":"2025-12-23T00:22:29","guid":{"rendered":"https:\/\/baytoona.com\/projeler\/"},"modified":"2026-02-03T11:44:06","modified_gmt":"2026-02-03T11:44:06","slug":"projeler","status":"publish","type":"page","link":"https:\/\/baytoona.com\/tr\/projeler\/","title":{"rendered":"Projeler"},"content":{"rendered":"\n<p>Baytoona, <strong>in\u015faat\u0131 devam eden gayrimenkul projelerini <\/strong>sergilemek i\u00e7in \u00f6zel bir platform sunar. Bu sayfa, aktif projeleri \u00f6ne \u00e7\u0131karmak ve gayrimenkul geli\u015ftiricilerini yat\u0131r\u0131mc\u0131lar, al\u0131c\u0131lar, profesyoneller ve gayrimenkul piyasas\u0131ndaki di\u011fer payda\u015flarla bulu\u015fturmak amac\u0131yla tasarlanm\u0131\u015ft\u0131r. <\/p>\n\n<p><strong>Konut, ticari, karma kullan\u0131ml\u0131 veya turizm projeleri<\/strong> geli\u015ftirmekte olan m\u00fcteahhitleri, geli\u015ftirme \u015firketlerini ve proje sahiplerini, projelerini Baytoona\u2019da listelemeye davet ediyoruz.<\/p>\n\n<p>Projenizi bu sayfada \u00f6ne \u00e7\u0131kararak, geli\u015ftirdi\u011finiz proje; temel bilgilerin a\u00e7\u0131k ve profesyonel bir \u015fekilde sunuldu\u011fu <strong>\u00f6zel bir b\u00f6l\u00fcmden<\/strong> faydalan\u0131r. Listelenen her proje \u015funlar\u0131 i\u00e7erebilir: <\/p>\n\n<ul class=\"wp-block-list\">\n<li>Proje ad\u0131 ve konumu<\/li>\n\n\n\n<li>Projenin genel tan\u0131t\u0131m\u0131 ve a\u00e7\u0131klamas\u0131<\/li>\n\n\n\n<li>Proje t\u00fcr\u00fc (konut, ticari, karma kullan\u0131ml\u0131 vb.)<\/li>\n\n\n\n<li>Mevcut in\u015faat durumu<\/li>\n\n\n\n<li>Geli\u015ftirici veya \u015firket profili<\/li>\n\n\n\n<li>T\u00fcm ileti\u015fim bilgileri<\/li>\n\n\n\n<li>Resm\u00ee web sitelerine ve \u00e7evrim i\u00e7i platformlara do\u011frudan ba\u011flant\u0131lar<\/li>\n<\/ul>\n\n<p>Amac\u0131m\u0131z, ziyaret\u00e7ilerin devam eden projeleri ke\u015ffedebilece\u011fi ve bu projelerin arkas\u0131ndaki \u015firketler hakk\u0131nda daha fazla bilgi edinebilece\u011fi merkezi ve g\u00fcvenilir bir kaynak olu\u015ftururken, geli\u015ftiricilere gayrimenkul piyasas\u0131nda daha fazla g\u00f6r\u00fcn\u00fcrl\u00fck ve tan\u0131t\u0131m imk\u00e2n\u0131 sunmakt\u0131r.<\/p>\n\n<p>E\u011fer bir geli\u015ftiriciyseniz ve mevcut projenizin (veya projelerinizin) bu sayfada yer almas\u0131n\u0131 istiyorsan\u0131z, l\u00fctfen sayfan\u0131n en alt k\u0131sm\u0131nda yer alan <strong>\u0130leti\u015fim sayfas\u0131<\/strong> \u00fczerinden bizimle ileti\u015fime ge\u00e7in. Geli\u015ftirmenize ili\u015fkin ilgili detaylar\u0131, \u015firket bilgilerinizi ve sitemizde yer vermemizi istedi\u011finiz ba\u011flant\u0131lar\u0131 eklemenizi rica ederiz. Ekibimiz ba\u015fvurunuzu inceleyecek ve projenizi do\u011fru ve profesyonel bir \u015fekilde sunmak i\u00e7in sizinle birlikte \u00e7al\u0131\u015facakt\u0131r.  <\/p>\n\n<p>Baytoona, gayrimenkul sekt\u00f6r\u00fcnde \u015feffafl\u0131\u011f\u0131, b\u00fcy\u00fcmeyi ve i\u015f birli\u011fini desteklemeye kararl\u0131d\u0131r ve piyasan\u0131n gelece\u011fini \u015fekillendiren projeleri sergilemeyi sab\u0131rs\u0131zl\u0131kla beklemektedir.<\/p>\n","protected":false},"excerpt":{"rendered":"<p>Baytoona, in\u015faat\u0131 devam eden gayrimenkul projelerini sergilemek i\u00e7in \u00f6zel bir platform sunar. Bu sayfa, aktif projeleri \u00f6ne \u00e7\u0131karmak ve gayrimenkul geli\u015ftiricilerini yat\u0131r\u0131mc\u0131lar, al\u0131c\u0131lar, profesyoneller ve gayrimenkul piyasas\u0131ndaki di\u011fer payda\u015flarla bulu\u015fturmak amac\u0131yla tasarlanm\u0131\u015ft\u0131r. Konut, ticari, karma kullan\u0131ml\u0131 veya turizm projeleri geli\u015ftirmekte olan m\u00fcteahhitleri, geli\u015ftirme \u015firketlerini ve proje sahiplerini, projelerini Baytoona\u2019da listelemeye davet ediyoruz. Projenizi bu sayfada&#8230;<\/p>\n","protected":false},"author":1,"featured_media":0,"parent":0,"menu_order":0,"comment_status":"closed","ping_status":"closed","template":"","meta":{"footnotes":""},"class_list":["post-1078","page","type-page","status-publish","hentry"],"post_mailing_queue_ids":[],"_links":{"self":[{"href":"https:\/\/baytoona.com\/tr\/wp-json\/wp\/v2\/pages\/1078","targetHints":{"allow":["GET"]}}],"collection":[{"href":"https:\/\/baytoona.com\/tr\/wp-json\/wp\/v2\/pages"}],"about":[{"href":"https:\/\/baytoona.com\/tr\/wp-json\/wp\/v2\/types\/page"}],"author":[{"embeddable":true,"href":"https:\/\/baytoona.com\/tr\/wp-json\/wp\/v2\/users\/1"}],"replies":[{"embeddable":true,"href":"https:\/\/baytoona.com\/tr\/wp-json\/wp\/v2\/comments?post=1078"}],"version-history":[{"count":1,"href":"https:\/\/baytoona.com\/tr\/wp-json\/wp\/v2\/pages\/1078\/revisions"}],"predecessor-version":[{"id":1080,"href":"https:\/\/baytoona.com\/tr\/wp-json\/wp\/v2\/pages\/1078\/revisions\/1080"}],"wp:attachment":[{"href":"https:\/\/baytoona.com\/tr\/wp-json\/wp\/v2\/media?parent=1078"}],"curies":[{"name":"wp","href":"https:\/\/api.w.org\/{rel}","templated":true}]}}